{"id":80809,"date":"2021-04-09T19:35:14","date_gmt":"2021-04-09T17:35:14","guid":{"rendered":"https:\/\/www.mosquito-safe.de\/produkte\/unkategorisiert\/mosquito-safe-2\/"},"modified":"2026-02-03T15:50:09","modified_gmt":"2026-02-03T14:50:09","slug":"mosquito-safe","status":"publish","type":"product","link":"https:\/\/www.mosquito-safe.de\/en\/products\/mosquito-safe-en\/mosquito-safe\/","title":{"rendered":"Mosquito-Safe Travel Bed Tent | Mosquito repellent | Suitable for single to king beds | With floor &amp; bed bug protection | OEKO-TEX Impregnated | White"},"content":{"rendered":"<p>[et_pb_section fb_built=&#8221;1&#8243; _builder_version=&#8221;4.16&#8243; custom_padding=&#8221;0px||||false|false&#8221; global_colors_info=&#8221;{}&#8221;][et_pb_row _builder_version=&#8221;4.16&#8243; background_size=&#8221;initial&#8221; background_position=&#8221;top_left&#8221; background_repeat=&#8221;repeat&#8221; width=&#8221;100%&#8221; custom_padding=&#8221;0px||0px||false|false&#8221; global_colors_info=&#8221;{}&#8221;][et_pb_column type=&#8221;4_4&#8243; _builder_version=&#8221;4.16&#8243; custom_padding=&#8221;|||&#8221; global_colors_info=&#8221;{}&#8221; custom_padding__hover=&#8221;|||&#8221;][et_pb_wc_breadcrumb _builder_version=&#8221;4.16&#8243; global_colors_info=&#8221;{}&#8221;][\/et_pb_wc_breadcrumb][et_pb_wc_cart_notice _builder_version=&#8221;4.16&#8243; global_colors_info=&#8221;{}&#8221;][\/et_pb_wc_cart_notice][\/et_pb_column][\/et_pb_row][et_pb_row column_structure=&#8221;1_2,1_2&#8243; _builder_version=&#8221;4.16&#8243; background_size=&#8221;initial&#8221; background_position=&#8221;top_left&#8221; background_repeat=&#8221;repeat&#8221; width=&#8221;100%&#8221; custom_padding=&#8221;0px||||false|false&#8221; global_colors_info=&#8221;{}&#8221;][et_pb_column type=&#8221;1_2&#8243; _builder_version=&#8221;4.16&#8243; custom_padding=&#8221;|||&#8221; global_colors_info=&#8221;{}&#8221; custom_padding__hover=&#8221;|||&#8221;][et_pb_wc_images force_fullwidth=&#8221;on&#8221; _builder_version=&#8221;4.27.4&#8243; global_colors_info=&#8221;{}&#8221;][\/et_pb_wc_images][\/et_pb_column][et_pb_column type=&#8221;1_2&#8243; _builder_version=&#8221;4.16&#8243; custom_padding=&#8221;|||&#8221; global_colors_info=&#8221;{}&#8221; custom_padding__hover=&#8221;|||&#8221;][et_pb_wc_title _builder_version=&#8221;4.16&#8243; global_colors_info=&#8221;{}&#8221;][\/et_pb_wc_title][et_pb_wc_rating _builder_version=&#8221;4.16&#8243; global_colors_info=&#8221;{}&#8221;][\/et_pb_wc_rating][et_pb_wc_price _builder_version=&#8221;4.16&#8243; global_colors_info=&#8221;{}&#8221;][\/et_pb_wc_price][et_pb_wc_description _builder_version=&#8221;4.16&#8243; global_colors_info=&#8221;{}&#8221;][\/et_pb_wc_description][et_pb_wc_add_to_cart _builder_version=&#8221;4.16&#8243; global_colors_info=&#8221;{}&#8221;][\/et_pb_wc_add_to_cart][et_pb_wc_meta _builder_version=&#8221;4.16&#8243; global_colors_info=&#8221;{}&#8221;][\/et_pb_wc_meta][\/et_pb_column][\/et_pb_row][et_pb_row _builder_version=&#8221;4.16&#8243; background_size=&#8221;initial&#8221; background_position=&#8221;top_left&#8221; background_repeat=&#8221;repeat&#8221; width=&#8221;100%&#8221; global_colors_info=&#8221;{}&#8221;][et_pb_column type=&#8221;4_4&#8243; _builder_version=&#8221;4.16&#8243; custom_padding=&#8221;|||&#8221; global_colors_info=&#8221;{}&#8221; custom_padding__hover=&#8221;|||&#8221;][et_pb_wc_tabs _builder_version=&#8221;4.16&#8243; global_colors_info=&#8221;{}&#8221;]\t\t\t\t\t[\/et_pb_wc_tabs][et_pb_wc_upsells _builder_version=&#8221;4.16&#8243; global_colors_info=&#8221;{}&#8221;][\/et_pb_wc_upsells][et_pb_wc_related_products _builder_version=&#8221;4.16&#8243; global_colors_info=&#8221;{}&#8221;][\/et_pb_wc_related_products][\/et_pb_column][\/et_pb_row][\/et_pb_section]<\/p>\n","protected":false},"excerpt":{"rendered":"<p data-path-to-node=\"2\">The MOSQUITO-SAFE with integrated mosquito and bed bug repellent is your perfect mosquito net with a bottom, specially designed to be set up directly on your bed.<\/p>\n<p data-path-to-node=\"3\">It is ideal for your journey as you can set it up flexibly in length and width. This means it adapts perfectly to almost any bed &#8211; whether single or double. The MOSQUITO-SAFE always fits! This innovative feature is even patented.<\/p>\n<h3 data-path-to-node=\"4\">Your all-round hygienic protection<\/h3>\n<p data-path-to-node=\"5\">The base is made from a skin-friendly cotton blend and &#8211; just like the mesh &#8211; is manufactured in accordance with <b data-path-to-node=\"5\" data-index-in-node=\"104\">OEKO-TEX<\/b> standards. So you can lie down directly on the floor; it is your personal bed sheet. This gives you consistent all-round protection that reliably protects you from mosquitoes, flying insects and running and crawling creatures. If you want to clean it, simply put the complete mosquito protection tent <b data-path-to-node=\"5\" data-index-in-node=\"454\">in the washing machine<\/b> at <b data-path-to-node=\"5\" data-index-in-node=\"454\">40\u00b0C<\/b>.<\/p>\n<h3 data-path-to-node=\"6\">More space and safety<\/h3>\n<p data-path-to-node=\"7\">An unbeatable advantage for you: At the foot end, the MOSQUITO-SAFE can protrude over the bed thanks to a light support construction. This extends your lying surface by 40cm &#8211; ideal if you are tall (also patented). Even in the garden or at the lake, you benefit from a larger floor space.<\/p>\n<p data-path-to-node=\"8\">This mosquito and bed bug repellent is long-term impregnated with the odourless active ingredient IR3535 (OEKO-TEX ECO PASSPORT approved). The protective effect remains even after over 100 washes and prevents mosquitoes from biting you through the net. In addition, the impregnation as an effective repellent ensures that no bed bugs attach to your MOSQUITO-SAFE and that you do not carry any bed bugs into your own home.<\/p>\n<h3 data-path-to-node=\"9\">Your advantages at a glance:<\/h3>\n<ul data-path-to-node=\"10\">\n<li>\n<p data-path-to-node=\"10,0,0\"><b data-path-to-node=\"10,0,0\" data-index-in-node=\"0\">Very easy to assemble:<\/b> Only one single piece of frame made of high-quality anodized aluminium.<\/p>\n<\/li>\n<li>\n<p data-path-to-node=\"10,1,0\"><b data-path-to-node=\"10,1,0\" data-index-in-node=\"0\">Maximum safety:<\/b> With approx. 190 mesh, the WHO recommendations are clearly exceeded.<\/p>\n<\/li>\n<li>\n<p data-path-to-node=\"10,2,0\"><b data-path-to-node=\"10,2,0\" data-index-in-node=\"0\">Top features:<\/b> Entrance on both sides, YKK zippers and a practical storage pocket in the roof of the tent for your cell phone or flashlight.<\/p>\n<\/li>\n<li>\n<p data-path-to-node=\"10,3,0\"><b data-path-to-node=\"10,3,0\" data-index-in-node=\"0\">Mobile:<\/b> Carrying bag with shoulder strap included.<\/p>\n<\/li>\n<li>\n<p data-path-to-node=\"10,4,0\"><b data-path-to-node=\"10,4,0\" data-index-in-node=\"0\">Dimensions:<\/b> Length (outside): 180-240 cm | width: 95-188 cm | height (inside): approx. 130 cm.<\/p>\n<\/li>\n<li>\n<p data-path-to-node=\"10,5,0\">Weight: Only approx. 2 kg &#8211; perfect for your luggage<\/p>\n<\/li>\n<\/ul>\n","protected":false},"featured_media":80865,"comment_status":"open","ping_status":"closed","template":"","meta":{"_et_pb_use_builder":"on","_et_pb_old_content":"<p data-path-to-node=\"4\"><b data-path-to-node=\"4\" data-index-in-node=\"0\">Dieser M\u00fccken- und Bettwanzenschutz ist die ideale L\u00f6sung f\u00fcr jedes Bett:<\/b> Das patentierte <b data-path-to-node=\"4\" data-index-in-node=\"45\">MOSQUITO-SAFE Bett-Reise-Zelt<\/b> bietet maximale Flexibilit\u00e4t f\u00fcr deinen Schlafkomfort. Dank des <b data-path-to-node=\"4\" data-index-in-node=\"139\">patentierten Aufbaus<\/b> mit verschiedenen Gest\u00e4nge-Aufnahmen ist die Grundfl\u00e4che variabel einstellbar und passt so perfekt auf jedes Bett \u2013 <b data-path-to-node=\"4\" data-index-in-node=\"276\">vom Einzel- bis zum Doppelbett<\/b>. Ein besonderes Highlight f\u00fcr gro\u00dfe Personen: Durch zwei leichte St\u00fctzst\u00e4be l\u00e4sst sich die <b data-path-to-node=\"4\" data-index-in-node=\"398\">Liegefl\u00e4che am Fu\u00dfende zus\u00e4tzlich um 40 cm verl\u00e4ngern<\/b><\/p>\r\n<p data-path-to-node=\"5\"><b data-path-to-node=\"5\" data-index-in-node=\"0\">Deine mobile, sichere Festung f\u00fcr Hotel, Hostel und Zuhause:<\/b><\/p>\r\n\r\n<ul data-path-to-node=\"6\">\r\n \t<li>\r\n<p data-path-to-node=\"6,0,0\"><b data-path-to-node=\"6,0,0\" data-index-in-node=\"0\">Patentierte Flexibilit\u00e4t:<\/b> Die Grundfl\u00e4che ist durch verschiedene Gest\u00e4nge-Aufnahmen variabel einstellbar \u2013 passend f\u00fcr jedes Bett vom Einzel- bis zum Doppelbett.<\/p>\r\n<\/li>\r\n \t<li>\r\n<p data-path-to-node=\"6,1,0\"><b data-path-to-node=\"6,1,0\" data-index-in-node=\"0\">Komfort f\u00fcr Gro\u00dfe:<\/b> Einzigartige, patentierte <b data-path-to-node=\"6,1,0\" data-index-in-node=\"45\">Fu\u00dfende-Verl\u00e4ngerung um 40 cm<\/b> durch zwei zus\u00e4tzliche St\u00fctzst\u00e4be \u2013 ideal f\u00fcr uneingeschr\u00e4nkte Bewegungsfreiheit.<\/p>\r\n<\/li>\r\n \t<li>\r\n<p data-path-to-node=\"6,2,0\"><b data-path-to-node=\"6,2,0\" data-index-in-node=\"0\">Hochwertiger Material-Mix:<\/b> Komfortabler Boden aus <b data-path-to-node=\"6,2,0\" data-index-in-node=\"50\">hautsympathischem, nicht knisterndem und atmungsaktivem Baumwoll-Mix<\/b>; der gesamte Oberbau besteht aus <b data-path-to-node=\"6,2,0\" data-index-in-node=\"152\">feinem, rei\u00dffestem Mesh-Gewebe<\/b> (beides <b data-path-to-node=\"6,2,0\" data-index-in-node=\"191\">OEKO-TEX\u00ae zertifiziert<\/b>).<\/p>\r\n<\/li>\r\n \t<li>\r\n<p data-path-to-node=\"6,3,0\"><b data-path-to-node=\"6,3,0\" data-index-in-node=\"0\">Aktive Abwehr:<\/b> IR3535 wirkt als starkes <b data-path-to-node=\"6,3,0\" data-index-in-node=\"40\">Repellent (zertifiziert nach OEKO-TEX\u00ae ECO PASSPORT)<\/b>, das M\u00fccken und Bettwanzen durch die langanhaltende Schutzwirkung \u00fcber <b data-path-to-node=\"6,3,0\" data-index-in-node=\"164\">100 W\u00e4schen<\/b> lang zuverl\u00e4ssig fernh\u00e4lt.<\/p>\r\n<\/li>\r\n \t<li>\r\n<p data-path-to-node=\"6,4,0\"><b data-path-to-node=\"6,4,0\" data-index-in-node=\"0\">Maximale Hygiene:<\/b> Das gesamte Zelt ist bequem bei <b data-path-to-node=\"6,4,0\" data-index-in-node=\"50\">40\u00b0C in der Waschmaschine<\/b> waschbar und garantiert dauerhafte Frische auf jeder Reise.<\/p>\r\n<\/li>\r\n \t<li>\r\n<p data-path-to-node=\"6,5,0\"><b data-path-to-node=\"6,5,0\" data-index-in-node=\"0\">Einfacher Aufbau:<\/b> Freistehende Konstruktion ohne Bohren oder Aufh\u00e4ngen \u2013 in Sekundenschnelle einsatzbereit.<\/p>\r\n<\/li>\r\n<\/ul>","_et_gb_content_width":""},"product_brand":[],"product_cat":[65],"product_tag":[],"class_list":{"0":"post-80809","1":"product","2":"type-product","3":"status-publish","4":"has-post-thumbnail","6":"product_cat-mosquito-safe-en","8":"first","9":"instock","10":"shipping-taxable","11":"purchasable","12":"product-type-simple"},"_links":{"self":[{"href":"https:\/\/www.mosquito-safe.de\/en\/wp-json\/wp\/v2\/product\/80809","targetHints":{"allow":["GET"]}}],"collection":[{"href":"https:\/\/www.mosquito-safe.de\/en\/wp-json\/wp\/v2\/product"}],"about":[{"href":"https:\/\/www.mosquito-safe.de\/en\/wp-json\/wp\/v2\/types\/product"}],"replies":[{"embeddable":true,"href":"https:\/\/www.mosquito-safe.de\/en\/wp-json\/wp\/v2\/comments?post=80809"}],"wp:featuredmedia":[{"embeddable":true,"href":"https:\/\/www.mosquito-safe.de\/en\/wp-json\/wp\/v2\/media\/80865"}],"wp:attachment":[{"href":"https:\/\/www.mosquito-safe.de\/en\/wp-json\/wp\/v2\/media?parent=80809"}],"wp:term":[{"taxonomy":"product_brand","embeddable":true,"href":"https:\/\/www.mosquito-safe.de\/en\/wp-json\/wp\/v2\/product_brand?post=80809"},{"taxonomy":"product_cat","embeddable":true,"href":"https:\/\/www.mosquito-safe.de\/en\/wp-json\/wp\/v2\/product_cat?post=80809"},{"taxonomy":"product_tag","embeddable":true,"href":"https:\/\/www.mosquito-safe.de\/en\/wp-json\/wp\/v2\/product_tag?post=80809"}],"curies":[{"name":"wp","href":"https:\/\/api.w.org\/{rel}","templated":true}]}}